{"id":38,"date":"2024-10-29T18:08:29","date_gmt":"2024-10-29T18:08:29","guid":{"rendered":"https:\/\/www.administracionesnerja.com\/?page_id=38"},"modified":"2024-10-30T17:38:33","modified_gmt":"2024-10-30T17:38:33","slug":"inicial","status":"publish","type":"page","link":"https:\/\/www.administracionesnerja.com\/","title":{"rendered":"Administracionesnerja.com"},"content":{"rendered":"\n<div class=\"wp-block-cover\"><span aria-hidden=\"true\" class=\"wp-block-cover__background has-background-dim-20 has-background-dim\"><\/span><img loading=\"lazy\" decoding=\"async\" width=\"880\" height=\"1024\" class=\"wp-block-cover__image-background wp-image-9\" alt=\"Nerja - Costa del Sol\" src=\"https:\/\/www.administracionesnerja.com\/wp-content\/uploads\/2024\/10\/image004-880x1024.jpg\" style=\"object-position:45% 80%\" data-object-fit=\"cover\" data-object-position=\"45% 80%\" srcset=\"https:\/\/www.administracionesnerja.com\/wp-content\/uploads\/2024\/10\/image004-880x1024.jpg 880w, https:\/\/www.administracionesnerja.com\/wp-content\/uploads\/2024\/10\/image004-258x300.jpg 258w, https:\/\/www.administracionesnerja.com\/wp-content\/uploads\/2024\/10\/image004-768x894.jpg 768w, https:\/\/www.administracionesnerja.com\/wp-content\/uploads\/2024\/10\/image004.jpg 975w\" sizes=\"auto, (max-width: 880px) 100vw, 880px\" \/><div class=\"wp-block-cover__inner-container is-layout-flow wp-block-cover-is-layout-flow\">\n<p class=\"has-text-align-center has-large-font-size\" style=\"line-height:2\">Nerja Costa del Sol<\/p>\n<\/div><\/div>\n\n\n\n<p class=\"has-medium-font-size\" style=\"font-style:normal;font-weight:600\">Esta en la pagina web de Administraciones de Comunidades de Propietarios de DonVillas y Administracionesnerja.com<\/p>\n\n\n\n<p class=\"has-medium-font-size\" style=\"font-style:normal;font-weight:600\"><strong>It is on the website of Administraciones de Comunidades de Propietarios de DonVillas and Administracionesnerja.com.<\/strong><\/p>\n\n\n\n<p class=\"has-ast-global-color-2-color has-text-color has-background has-link-color has-medium-font-size wp-elements-428e0bf53be46626b4f94c828a15e34b\" style=\"background:linear-gradient(135deg,rgb(122,220,180) 39%,rgb(0,208,130) 44%);font-style:normal;font-weight:700;line-height:1\"><a href=\"https:\/\/www.administracionesnerja.com\/propietarios\/\">Acceso a las cuentas de propietario, Gastos a la fecha, Balance actualizado.<\/a><\/p>\n\n\n\n<p class=\"has-ast-global-color-7-color has-light-green-cyan-background-color has-text-color has-background has-link-color has-medium-font-size wp-elements-2cc6705cce37eadb450ea96501a4e6e4\" style=\"font-style:normal;font-weight:700\"><a href=\"https:\/\/portalpropietarios.es\/base\/login.php\">Acceso a la documentaci\u00f3n de la comunidad, actas, presupuestos, liquidaciones anuales, avisos, etc&#8230;<\/a><\/p>\n\n\n\n<p class=\"has-ast-global-color-5-color has-light-green-cyan-background-color has-text-color has-background has-link-color has-large-font-size wp-elements-87431cee7de19c178c09c17c7dab1e5b\" style=\"padding-top:var(--wp--preset--spacing--30);padding-bottom:var(--wp--preset--spacing--30);font-style:normal;font-weight:700\"><a href=\"https:\/\/donvillas.com\/\">Acceso a la pagina oficial de DonVillas<\/a><\/p>\n\n\n\n<p class=\"has-ast-global-color-5-color has-light-green-cyan-background-color has-text-color has-background has-link-color has-large-font-size wp-elements-52f3ea9a08ef63549586f04b3923140b\" style=\"padding-top:0;padding-bottom:0;font-style:normal;font-weight:600\"><a href=\"https:\/\/www.donvillasnerja.com\/\">Acceso a la pagina de venta de viviendas en Nerja<\/a><\/p>\n\n\n\n<p class=\"has-ast-global-color-5-color has-pale-cyan-blue-background-color has-text-color has-background has-link-color has-large-font-size wp-elements-c22ea2bf020f78eeafba9285d036b39a\" style=\"padding-top:var(--wp--preset--spacing--20);padding-bottom:var(--wp--preset--spacing--20);font-style:normal;font-weight:600\"><a href=\"https:\/\/adminerja.wixsite.com\/servimant\">Acceso a la pagina de Reparaciones, Reformas, etc&#8230;<\/a><\/p>\n\n\n\n<p class=\"has-large-font-size\" style=\"font-style:normal;font-weight:600\">You are on the website of Administraciones de Comunidades de Propietarios de DonVillas and Administracionesnerja.com.<\/p>\n\n\n\n<p class=\"has-white-color has-black-background-color has-text-color has-background has-link-color has-large-font-size wp-elements-a11934016bf6e2826b344d2c3416c99a\" style=\"padding-top:0;padding-bottom:0;font-style:normal;font-weight:600\"><a href=\"https:\/\/www.administracionesnerja.com\/propietarios\/\">Access to the owner&#8217;s accounts, expenses to date, updated balance sheet.<\/a><\/p>\n\n\n\n<p class=\"has-ast-global-color-5-color has-black-background-color has-text-color has-background has-link-color has-large-font-size wp-elements-b1314f86b47c835c381b851863bc252a\" style=\"padding-top:var(--wp--preset--spacing--20);padding-bottom:var(--wp--preset--spacing--20);font-style:normal;font-weight:700\"><a href=\"https:\/\/portalpropietarios.es\/base\/login.php\">Access to the documentation of the community, minutes, budgets, annual settlements, notices, etc\u2026<\/a><\/p>\n\n\n\n<p class=\"has-ast-global-color-5-color has-ast-global-color-3-background-color has-text-color has-background has-link-color has-large-font-size wp-elements-b164d0985ecf7b23ee32ad1ccffebb3e\" style=\"padding-top:var(--wp--preset--spacing--20);padding-bottom:var(--wp--preset--spacing--20);font-style:normal;font-weight:600\"><a href=\"https:\/\/donvillas.com\/\">Access to the official website of DonVillas<\/a><\/p>\n\n\n\n<p class=\"has-ast-global-color-5-color has-ast-global-color-1-background-color has-text-color has-background has-link-color has-large-font-size wp-elements-610ec3ca6e8aa27a6cd72f4803b62eb5\" style=\"padding-top:var(--wp--preset--spacing--40);padding-bottom:var(--wp--preset--spacing--40);font-style:normal;font-weight:600\"><a href=\"https:\/\/www.donvillasnerja.com\/\">Access to the Nerja property for sale page.<\/a><\/p>\n\n\n\n<p class=\"has-vivid-red-color has-pale-cyan-blue-background-color has-text-color has-background has-link-color has-large-font-size wp-elements-a9f2f3a28bed292655528a4834c2126c\" style=\"padding-top:var(--wp--preset--spacing--20);padding-bottom:var(--wp--preset--spacing--20);font-style:normal;font-weight:600\"><a href=\"https:\/\/adminerja.wixsite.com\/servimant\">Access to the page of Repairs, Refurbishments, etc\u2026<\/a><\/p>\n\n\n\n<p class=\"has-medium-font-size\" style=\"padding-top:0;padding-bottom:0;line-height:1.3\"><strong>Nuestro despacho de Administraci\u00f3n de Comunidades de Propietarios desde el a\u00f1o 1984 tiene una amplia experiencia en la Gesti\u00f3n de Edificios y Urbanizaciones.<br>Con todo un equipo de trabajo que le puede atender tambien en Ingles y Aleman<br>Con una amplia selecci\u00f3n de herramientas informaticas para que en todo momento este Informado.<br>Con un equipo tecnico que le ayuda para todo tipo de reparaciones y gestiones con las compa\u00f1ias de Seguros.<\/strong><\/p>\n\n\n\n<p><\/p>\n\n\n\n<p class=\"has-ast-global-color-2-color has-ast-global-color-6-background-color has-text-color has-background has-link-color has-medium-font-size wp-elements-14c05cf96d6aef98c6505a8f4d094de5\" style=\"font-style:normal;font-weight:600\">Our office of Administration of Communities of Owners since 1984 has a wide experience in the Management of Buildings and Urbanisations.<br>With a team that can also assist you in English and German.<br>With a wide selection of computer tools to keep you informed at all times.<br>With a technical team that can help you with all types of repairs and dealings with insurance companies.<\/p>\n\n\n\n<p class=\"has-large-font-size\" style=\"font-style:normal;font-weight:600;line-height:1.3\">Plaza de las Cofradias, 1 &#8211; 29780 Nerja (M\u00e1laga)<\/p>\n\n\n\n<p class=\"has-large-font-size\" style=\"font-style:normal;font-weight:600;line-height:1.3\">Telf. 952 52 31 93 &#8211; wassap (foto): 622 44 31 93<\/p>\n\n\n\n<p class=\"has-large-font-size\" style=\"font-style:normal;font-weight:600;line-height:1.3\"><a href=\"mailto:web20@donvillas.com\">web20@donvillas.com<\/a><\/p>\n","protected":false},"excerpt":{"rendered":"<p>Esta en la pagina web de Administraciones de Comunidades de Propietarios de DonVillas y Administracionesnerja.com It is on the website [&hellip;]<\/p>\n","protected":false},"author":1,"featured_media":0,"parent":0,"menu_order":0,"comment_status":"closed","ping_status":"closed","template":"","meta":{"site-sidebar-layout":"default","site-content-layout":"","ast-site-content-layout":"","site-content-style":"default","site-sidebar-style":"default","ast-global-header-display":"","ast-banner-title-visibility":"","ast-main-header-display":"","ast-hfb-above-header-display":"","ast-hfb-below-header-display":"","ast-hfb-mobile-header-display":"","site-post-title":"","ast-breadcrumbs-content":"","ast-featured-img":"","footer-sml-layout":"","theme-transparent-header-meta":"","adv-header-id-meta":"","stick-header-meta":"","header-above-stick-meta":"","header-main-stick-meta":"","header-below-stick-meta":"","astra-migrate-meta-layouts":"default","ast-page-background-enabled":"default","ast-page-background-meta":{"desktop":{"background-color":"var(--ast-global-color-4)","background-image":"","background-repeat":"repeat","background-position":"center center","background-size":"auto","background-attachment":"scroll","background-type":"","background-media":"","overlay-type":"","overlay-color":"","overlay-opacity":"","overlay-gradient":""},"tablet":{"background-color":"","background-image":"","background-repeat":"repeat","background-position":"center center","background-size":"auto","background-attachment":"scroll","background-type":"","background-media":"","overlay-type":"","overlay-color":"","overlay-opacity":"","overlay-gradient":""},"mobile":{"background-color":"","background-image":"","background-repeat":"repeat","background-position":"center center","background-size":"auto","background-attachment":"scroll","background-type":"","background-media":"","overlay-type":"","overlay-color":"","overlay-opacity":"","overlay-gradient":""}},"ast-content-background-meta":{"desktop":{"background-color":"var(--ast-global-color-5)","background-image":"","background-repeat":"repeat","background-position":"center center","background-size":"auto","background-attachment":"scroll","background-type":"","background-media":"","overlay-type":"","overlay-color":"","overlay-opacity":"","overlay-gradient":""},"tablet":{"background-color":"var(--ast-global-color-5)","background-image":"","background-repeat":"repeat","background-position":"center center","background-size":"auto","background-attachment":"scroll","background-type":"","background-media":"","overlay-type":"","overlay-color":"","overlay-opacity":"","overlay-gradient":""},"mobile":{"background-color":"var(--ast-global-color-5)","background-image":"","background-repeat":"repeat","background-position":"center center","background-size":"auto","background-attachment":"scroll","background-type":"","background-media":"","overlay-type":"","overlay-color":"","overlay-opacity":"","overlay-gradient":""}},"footnotes":""},"class_list":["post-38","page","type-page","status-publish","hentry"],"_links":{"self":[{"href":"https:\/\/www.administracionesnerja.com\/index.php\/wp-json\/wp\/v2\/pages\/38","targetHints":{"allow":["GET"]}}],"collection":[{"href":"https:\/\/www.administracionesnerja.com\/index.php\/wp-json\/wp\/v2\/pages"}],"about":[{"href":"https:\/\/www.administracionesnerja.com\/index.php\/wp-json\/wp\/v2\/types\/page"}],"author":[{"embeddable":true,"href":"https:\/\/www.administracionesnerja.com\/index.php\/wp-json\/wp\/v2\/users\/1"}],"replies":[{"embeddable":true,"href":"https:\/\/www.administracionesnerja.com\/index.php\/wp-json\/wp\/v2\/comments?post=38"}],"version-history":[{"count":11,"href":"https:\/\/www.administracionesnerja.com\/index.php\/wp-json\/wp\/v2\/pages\/38\/revisions"}],"predecessor-version":[{"id":56,"href":"https:\/\/www.administracionesnerja.com\/index.php\/wp-json\/wp\/v2\/pages\/38\/revisions\/56"}],"wp:attachment":[{"href":"https:\/\/www.administracionesnerja.com\/index.php\/wp-json\/wp\/v2\/media?parent=38"}],"curies":[{"name":"wp","href":"https:\/\/api.w.org\/{rel}","templated":true}]}}